{"id":311,"date":"2022-07-24T20:59:43","date_gmt":"2022-07-24T20:59:43","guid":{"rendered":"https:\/\/www.escuelaenfermeria.onetoplus.com\/?page_id=311"},"modified":"2023-11-08T19:14:12","modified_gmt":"2023-11-08T19:14:12","slug":"quienes-somos","status":"publish","type":"page","link":"https:\/\/www.ene.edu.gt\/?page_id=311","title":{"rendered":"\u00bfQui\u00e9nes Somos?"},"content":{"rendered":"<p>[et_pb_section fb_built=\u00bb1&#8243; custom_padding_last_edited=\u00bbon|phone\u00bb next_background_color=\u00bb#ffffff\u00bb admin_label=\u00bbAbout\u00bb _builder_version=\u00bb4.17.4&#8243; _module_preset=\u00bbdefault\u00bb background_color=\u00bb#063765&#8243; custom_padding=\u00bb7px||50px||false|false\u00bb custom_padding_tablet=\u00bb7px||50px||false|false\u00bb custom_padding_phone=\u00bb7px||0px||false|false\u00bb top_divider_color=\u00bb#063765&#8243; top_divider_flip=\u00bbvertical\u00bb top_divider_height_tablet=\u00bb\u00bb top_divider_height_phone=\u00bb100px\u00bb top_divider_height_last_edited=\u00bbon|phone\u00bb bottom_divider_style=\u00bbasymmetric\u00bb bottom_divider_height=\u00bb115px\u00bb bottom_divider_height_tablet=\u00bb115px\u00bb bottom_divider_height_phone=\u00bb55px\u00bb bottom_divider_height_last_edited=\u00bbon|phone\u00bb border_color_top=\u00bb#FFFFFF\u00bb global_colors_info=\u00bb{}\u00bb][et_pb_row admin_label=\u00bbRow\u00bb _builder_version=\u00bb4.17.4&#8243; _module_preset=\u00bbdefault\u00bb custom_margin=\u00bb||||false|false\u00bb global_colors_info=\u00bb{}\u00bb][et_pb_column type=\u00bb4_4&#8243; admin_label=\u00bbColumn\u00bb _builder_version=\u00bb4.16&#8243; _module_preset=\u00bbdefault\u00bb global_colors_info=\u00bb{}\u00bb][et_pb_text _builder_version=\u00bb4.17.4&#8243; _module_preset=\u00bbdefault\u00bb header_2_text_color=\u00bb#FFFFFF\u00bb header_2_font_size=\u00bb39px\u00bb header_2_line_height=\u00bb1.2em\u00bb max_width=\u00bb922px\u00bb custom_margin=\u00bb0px|||30px|false|false\u00bb custom_margin_tablet=\u00bb0px|||30px|false|false\u00bb custom_margin_phone=\u00bb0px|||0px|false|false\u00bb custom_margin_last_edited=\u00bbon|tablet\u00bb custom_padding=\u00bb0px|20px||300px|false|false\u00bb custom_padding_tablet=\u00bb0px|||200px|false|false\u00bb custom_padding_phone=\u00bb0px|||50px|false|false\u00bb custom_padding_last_edited=\u00bbon|tablet\u00bb text_font_size_tablet=\u00bb\u00bb text_font_size_phone=\u00bb14px\u00bb text_font_size_last_edited=\u00bbon|phone\u00bb header_2_font_size_tablet=\u00bb30px\u00bb header_2_font_size_phone=\u00bb18px\u00bb header_2_font_size_last_edited=\u00bbon|tablet\u00bb header_2_line_height_tablet=\u00bb1.4em\u00bb header_2_line_height_phone=\u00bb1.5em\u00bb header_2_line_height_last_edited=\u00bbon|tablet\u00bb border_width_right=\u00bb10px\u00bb border_color_right=\u00bb#eab818&#8243; global_colors_info=\u00bb{}\u00bb]<\/p>\n<h3 class=\"LC20lb MBeuO DKV0Md\">\u00bf<\/h3>\n<h2 style=\"text-align: right;\"><span>\u00bfQ<\/span>UI\u00c9NES SOMOS?<\/h2>\n<p>[\/et_pb_text][\/et_pb_column][\/et_pb_row][\/et_pb_section][et_pb_section fb_built=\u00bb1&#8243; custom_padding_last_edited=\u00bbon|desktop\u00bb admin_label=\u00bbour Work\u00bb _builder_version=\u00bb4.17.4&#8243; _module_preset=\u00bbdefault\u00bb custom_padding=\u00bb29px||60px||false|false\u00bb custom_padding_tablet=\u00bb29px||3px||false|false\u00bb custom_padding_phone=\u00bb29px||3px||false|false\u00bb global_colors_info=\u00bb{}\u00bb][et_pb_row _builder_version=\u00bb4.17.4&#8243; _module_preset=\u00bbdefault\u00bb width=\u00bb43%\u00bb custom_padding=\u00bb||4px|||\u00bb global_colors_info=\u00bb{}\u00bb][et_pb_column type=\u00bb4_4&#8243; _builder_version=\u00bb4.17.4&#8243; _module_preset=\u00bbdefault\u00bb global_colors_info=\u00bb{}\u00bb][et_pb_image src=\u00bbhttps:\/\/www.escuelaenfermeria.onetoplus.com\/wp-content\/uploads\/2022\/07\/cuadro-amarillo.jpg\u00bb title_text=\u00bbcuadro-amarillo\u00bb _builder_version=\u00bb4.17.4&#8243; _module_preset=\u00bbdefault\u00bb width=\u00bb38%\u00bb width_tablet=\u00bb23%\u00bb width_phone=\u00bb23%\u00bb width_last_edited=\u00bbon|tablet\u00bb max_width=\u00bb14%\u00bb min_height=\u00bb115px\u00bb height_tablet=\u00bb100px\u00bb height_phone=\u00bb100px\u00bb height_last_edited=\u00bbon|tablet\u00bb max_height_tablet=\u00bb293px\u00bb max_height_phone=\u00bb293px\u00bb max_height_last_edited=\u00bbon|tablet\u00bb custom_margin=\u00bb1px|||-97px|false|false\u00bb custom_margin_tablet=\u00bb|||-20px|false|false\u00bb custom_margin_phone=\u00bb|||-20px|false|false\u00bb custom_margin_last_edited=\u00bbon|tablet\u00bb global_colors_info=\u00bb{}\u00bb][\/et_pb_image][et_pb_text _builder_version=\u00bb4.17.4&#8243; _module_preset=\u00bbdefault\u00bb header_text_color=\u00bb#063765&#8243; header_2_font=\u00bbUnna|700|||||||\u00bb header_2_text_color=\u00bb#063765&#8243; header_2_font_size=\u00bb48px\u00bb header_2_line_height=\u00bb1.2em\u00bb max_width=\u00bb620px\u00bb custom_margin=\u00bb-124px||11px|-80px|false|false\u00bb custom_margin_tablet=\u00bb-128px||11px|0px|false|false\u00bb custom_margin_phone=\u00bb|||0px|false|false\u00bb custom_margin_last_edited=\u00bbon|tablet\u00bb header_2_font_size_tablet=\u00bb47px\u00bb header_2_font_size_phone=\u00bb24px\u00bb header_2_font_size_last_edited=\u00bbon|tablet\u00bb header_2_line_height_tablet=\u00bb1.4em\u00bb header_2_line_height_phone=\u00bb1.5em\u00bb header_2_line_height_last_edited=\u00bbon|desktop\u00bb locked=\u00bboff\u00bb global_colors_info=\u00bb{}\u00bb]<\/p>\n<h2>MISI\u00d3N<\/h2>\n<p>[\/et_pb_text][et_pb_divider color=\u00bb#43459d\u00bb _builder_version=\u00bb4.17.4&#8243; _module_preset=\u00bbdefault\u00bb min_height=\u00bb0.8px\u00bb global_colors_info=\u00bb{}\u00bb][\/et_pb_divider][et_pb_text _builder_version=\u00bb4.17.4&#8243; _module_preset=\u00bbdefault\u00bb text_font_size=\u00bb15px\u00bb custom_padding=\u00bb|||48px||\u00bb global_colors_info=\u00bb{}\u00bb]<\/p>\n<p style=\"text-align: justify;\">Formaci\u00f3n de Enfermeras (os) con capacidad cient\u00edfica, t\u00e9cnica, human\u00edstica y social a Nivel Intermedio Universitario, Licenciatura, Especializaciones y Maestr\u00edas que contribuya a la satisfacci\u00f3n del usuario a trav\u00e9s de una participaci\u00f3n individual y comunitaria con enfoque intercultural, utilizando tecnolog\u00eda disponible y practicando los principios \u00e9ticos, interactuando con acciones propias en el equipo multidisciplinario.<\/p>\n<p>[\/et_pb_text][\/et_pb_column][\/et_pb_row][\/et_pb_section][et_pb_section fb_built=\u00bb1&#8243; custom_padding_last_edited=\u00bbon|desktop\u00bb admin_label=\u00bbour Work\u00bb _builder_version=\u00bb4.17.4&#8243; _module_preset=\u00bbdefault\u00bb background_color=\u00bb#f4f4f4&#8243; custom_padding=\u00bb29px||63px||false|false\u00bb custom_padding_tablet=\u00bb29px||3px||false|false\u00bb custom_padding_phone=\u00bb29px||3px||false|false\u00bb global_colors_info=\u00bb{}\u00bb][et_pb_row _builder_version=\u00bb4.17.4&#8243; _module_preset=\u00bbdefault\u00bb width=\u00bb43%\u00bb custom_padding=\u00bb||4px|||\u00bb global_colors_info=\u00bb{}\u00bb][et_pb_column type=\u00bb4_4&#8243; _builder_version=\u00bb4.17.4&#8243; _module_preset=\u00bbdefault\u00bb global_colors_info=\u00bb{}\u00bb][et_pb_image src=\u00bbhttps:\/\/www.escuelaenfermeria.onetoplus.com\/wp-content\/uploads\/2022\/07\/cuadro-amarillo.jpg\u00bb title_text=\u00bbcuadro-amarillo\u00bb _builder_version=\u00bb4.17.4&#8243; _module_preset=\u00bbdefault\u00bb width=\u00bb38%\u00bb width_tablet=\u00bb23%\u00bb width_phone=\u00bb23%\u00bb width_last_edited=\u00bbon|tablet\u00bb max_width=\u00bb14%\u00bb min_height=\u00bb115px\u00bb height_tablet=\u00bb100px\u00bb height_phone=\u00bb100px\u00bb height_last_edited=\u00bbon|tablet\u00bb max_height_tablet=\u00bb293px\u00bb max_height_phone=\u00bb293px\u00bb max_height_last_edited=\u00bbon|tablet\u00bb custom_margin=\u00bb|||-97px|false|false\u00bb custom_margin_tablet=\u00bb|||-20px|false|false\u00bb custom_margin_phone=\u00bb|||-20px|false|false\u00bb custom_margin_last_edited=\u00bbon|tablet\u00bb global_colors_info=\u00bb{}\u00bb][\/et_pb_image][et_pb_text _builder_version=\u00bb4.17.4&#8243; _module_preset=\u00bbdefault\u00bb header_text_color=\u00bb#063765&#8243; header_2_font=\u00bbUnna|700|||||||\u00bb header_2_text_color=\u00bb#063765&#8243; header_2_font_size=\u00bb48px\u00bb header_2_line_height=\u00bb1.2em\u00bb max_width=\u00bb620px\u00bb custom_margin=\u00bb-124px||11px|-80px|false|false\u00bb custom_margin_tablet=\u00bb-128px||11px|0px|false|false\u00bb custom_margin_phone=\u00bb|||0px|false|false\u00bb custom_margin_last_edited=\u00bbon|tablet\u00bb header_2_font_size_tablet=\u00bb47px\u00bb header_2_font_size_phone=\u00bb24px\u00bb header_2_font_size_last_edited=\u00bbon|tablet\u00bb header_2_line_height_tablet=\u00bb1.4em\u00bb header_2_line_height_phone=\u00bb1.5em\u00bb header_2_line_height_last_edited=\u00bbon|desktop\u00bb locked=\u00bboff\u00bb global_colors_info=\u00bb{}\u00bb]<\/p>\n<h2>VISI\u00d3N<\/h2>\n<p>[\/et_pb_text][et_pb_divider color=\u00bb#43459d\u00bb _builder_version=\u00bb4.17.4&#8243; _module_preset=\u00bbdefault\u00bb min_height=\u00bb0.8px\u00bb global_colors_info=\u00bb{}\u00bb][\/et_pb_divider][et_pb_text _builder_version=\u00bb4.17.4&#8243; _module_preset=\u00bbdefault\u00bb text_font_size=\u00bb15px\u00bb custom_padding=\u00bb|||48px||\u00bb global_colors_info=\u00bb{}\u00bb]<\/p>\n<p style=\"text-align: justify;\">Entregar a la sociedad guatemalteca l\u00edderes en el cuidado de enfermer\u00eda que atiendan al individuo, familia y comunidad, basado en la investigaci\u00f3n, promoviendo el desarrollo del cuerpo de conocimientos propios de Enfermer\u00eda, ubicados en los diferentes niveles de estructura organizativa del pa\u00eds que le permita tomar decisiones relacionadas con Enfermer\u00eda y Salud con una pr\u00e1ctica institucional, liberal y legislada, capaz de responder a las necesidades de salud de la poblaci\u00f3n, de acuerdo al perfil epidemiol\u00f3gico y a las Pol\u00edticas Nacionales de Salud, que sirven de base para definir el perfil de desempe\u00f1o en Docencia y Servicio.<\/p>\n<p>[\/et_pb_text][\/et_pb_column][\/et_pb_row][\/et_pb_section][et_pb_section fb_built=\u00bb1&#8243; custom_padding_last_edited=\u00bbon|desktop\u00bb admin_label=\u00bbour Work\u00bb _builder_version=\u00bb4.17.4&#8243; _module_preset=\u00bbdefault\u00bb background_enable_color=\u00bboff\u00bb custom_padding=\u00bb29px||63px||false|false\u00bb custom_padding_tablet=\u00bb29px||3px||false|false\u00bb custom_padding_phone=\u00bb29px||3px||false|false\u00bb global_colors_info=\u00bb{}\u00bb][et_pb_row _builder_version=\u00bb4.17.4&#8243; _module_preset=\u00bbdefault\u00bb width=\u00bb43%\u00bb custom_padding=\u00bb||4px|||\u00bb global_colors_info=\u00bb{}\u00bb][et_pb_column type=\u00bb4_4&#8243; _builder_version=\u00bb4.17.4&#8243; _module_preset=\u00bbdefault\u00bb global_colors_info=\u00bb{}\u00bb][et_pb_image src=\u00bbhttps:\/\/www.escuelaenfermeria.onetoplus.com\/wp-content\/uploads\/2022\/07\/cuadro-amarillo.jpg\u00bb title_text=\u00bbcuadro-amarillo\u00bb _builder_version=\u00bb4.17.4&#8243; _module_preset=\u00bbdefault\u00bb width=\u00bb38%\u00bb width_tablet=\u00bb23%\u00bb width_phone=\u00bb23%\u00bb width_last_edited=\u00bbon|tablet\u00bb max_width=\u00bb14%\u00bb min_height=\u00bb115px\u00bb height_tablet=\u00bb100px\u00bb height_phone=\u00bb100px\u00bb height_last_edited=\u00bbon|tablet\u00bb max_height_tablet=\u00bb293px\u00bb max_height_phone=\u00bb293px\u00bb max_height_last_edited=\u00bbon|tablet\u00bb custom_margin=\u00bb|||-97px|false|false\u00bb custom_margin_tablet=\u00bb|||-20px|false|false\u00bb custom_margin_phone=\u00bb|||-20px|false|false\u00bb custom_margin_last_edited=\u00bbon|tablet\u00bb global_colors_info=\u00bb{}\u00bb][\/et_pb_image][et_pb_text _builder_version=\u00bb4.17.4&#8243; _module_preset=\u00bbdefault\u00bb header_text_color=\u00bb#063765&#8243; header_2_font=\u00bbUnna|700|||||||\u00bb header_2_text_color=\u00bb#063765&#8243; header_2_font_size=\u00bb48px\u00bb header_2_line_height=\u00bb1.2em\u00bb max_width=\u00bb620px\u00bb custom_margin=\u00bb-124px||11px|-80px|false|false\u00bb custom_margin_tablet=\u00bb-128px||11px|0px|false|false\u00bb custom_margin_phone=\u00bb|||0px|false|false\u00bb custom_margin_last_edited=\u00bbon|tablet\u00bb header_2_font_size_tablet=\u00bb47px\u00bb header_2_font_size_phone=\u00bb24px\u00bb header_2_font_size_last_edited=\u00bbon|tablet\u00bb header_2_line_height_tablet=\u00bb1.4em\u00bb header_2_line_height_phone=\u00bb1.5em\u00bb header_2_line_height_last_edited=\u00bbon|desktop\u00bb locked=\u00bboff\u00bb global_colors_info=\u00bb{}\u00bb]<\/p>\n<h2>OBJETIVOS<\/h2>\n<p>[\/et_pb_text][et_pb_divider color=\u00bb#43459d\u00bb _builder_version=\u00bb4.17.4&#8243; _module_preset=\u00bbdefault\u00bb min_height=\u00bb0.8px\u00bb global_colors_info=\u00bb{}\u00bb][\/et_pb_divider][et_pb_text _builder_version=\u00bb4.17.4&#8243; _module_preset=\u00bbdefault\u00bb text_font_size=\u00bb15px\u00bb custom_padding=\u00bb|||48px||\u00bb global_colors_info=\u00bb{}\u00bb]<\/p>\n<ul>\n<li style=\"text-align: justify;\">Formar ENFERMERAS(OS) en calidad y cantidad acordes a las Pol\u00edticas de Salud vigentes en el pa\u00eds.<\/li>\n<li style=\"text-align: justify;\">Desarrollar procesos de Educaci\u00f3n Permanente que fortalezcan el desempe\u00f1o docente.<\/li>\n<li style=\"text-align: justify;\">Implementar acciones educativas de proyecci\u00f3n social a trav\u00e9s del establecimiento de programas de beneficio poblacional.<\/li>\n<li style=\"text-align: justify;\">Apoyar el desarrollo profesional de docentes y estudiantes a trav\u00e9s de la utilizaci\u00f3n de bibliograf\u00eda actualizada y comisiones espec\u00edficas.<\/li>\n<\/ul>\n<p>[\/et_pb_text][\/et_pb_column][\/et_pb_row][\/et_pb_section]<\/p>\n","protected":false},"excerpt":{"rendered":"<p>\u00bf \u00bfQUI\u00c9NES SOMOS?MISI\u00d3NFormaci\u00f3n de Enfermeras (os) con capacidad cient\u00edfica, t\u00e9cnica, human\u00edstica y social a Nivel Intermedio Universitario, Licenciatura, Especializaciones y Maestr\u00edas que contribuya a la satisfacci\u00f3n del usuario a trav\u00e9s de una participaci\u00f3n individual y comunitaria con enfoque intercultural, utilizando tecnolog\u00eda disponible y practicando los principios \u00e9ticos, interactuando con acciones propias en el equipo multidisciplinario.VISI\u00d3NEntregar [&hellip;]<\/p>\n","protected":false},"author":1,"featured_media":0,"parent":0,"menu_order":0,"comment_status":"closed","ping_status":"closed","template":"page-template-fullwidth.php","meta":{"_et_pb_use_builder":"on","_et_pb_old_content":"","_et_gb_content_width":"1280","_monsterinsights_skip_tracking":false,"_monsterinsights_sitenote_active":false,"_monsterinsights_sitenote_note":"","_monsterinsights_sitenote_category":0,"_uf_show_specific_survey":0,"_uf_disable_surveys":false,"footnotes":""},"class_list":["post-311","page","type-page","status-publish","hentry"],"_links":{"self":[{"href":"https:\/\/www.ene.edu.gt\/index.php?rest_route=\/wp\/v2\/pages\/311","targetHints":{"allow":["GET"]}}],"collection":[{"href":"https:\/\/www.ene.edu.gt\/index.php?rest_route=\/wp\/v2\/pages"}],"about":[{"href":"https:\/\/www.ene.edu.gt\/index.php?rest_route=\/wp\/v2\/types\/page"}],"author":[{"embeddable":true,"href":"https:\/\/www.ene.edu.gt\/index.php?rest_route=\/wp\/v2\/users\/1"}],"replies":[{"embeddable":true,"href":"https:\/\/www.ene.edu.gt\/index.php?rest_route=%2Fwp%2Fv2%2Fcomments&post=311"}],"version-history":[{"count":10,"href":"https:\/\/www.ene.edu.gt\/index.php?rest_route=\/wp\/v2\/pages\/311\/revisions"}],"predecessor-version":[{"id":1707,"href":"https:\/\/www.ene.edu.gt\/index.php?rest_route=\/wp\/v2\/pages\/311\/revisions\/1707"}],"wp:attachment":[{"href":"https:\/\/www.ene.edu.gt\/index.php?rest_route=%2Fwp%2Fv2%2Fmedia&parent=311"}],"curies":[{"name":"wp","href":"https:\/\/api.w.org\/{rel}","templated":true}]}}