{"id":3070,"date":"2026-01-28T15:58:17","date_gmt":"2026-01-28T15:58:17","guid":{"rendered":"https:\/\/www.ene.edu.gt\/?page_id=3070"},"modified":"2026-03-02T18:09:37","modified_gmt":"2026-03-02T18:09:37","slug":"comite-sso","status":"publish","type":"page","link":"https:\/\/www.ene.edu.gt\/?page_id=3070","title":{"rendered":"Comit\u00e9 SSO"},"content":{"rendered":"<p>[et_pb_section fb_built=\u00bb1&#8243; theme_builder_area=\u00bbpost_content\u00bb _builder_version=\u00bb4.22.1&#8243; _module_preset=\u00bbdefault\u00bb][et_pb_row _builder_version=\u00bb4.22.1&#8243; _module_preset=\u00bbdefault\u00bb theme_builder_area=\u00bbpost_content\u00bb][et_pb_column _builder_version=\u00bb4.22.1&#8243; _module_preset=\u00bbdefault\u00bb type=\u00bb4_4&#8243; theme_builder_area=\u00bbpost_content\u00bb][et_pb_image src=\u00bbhttps:\/\/www.ene.edu.gt\/wp-content\/uploads\/2026\/03\/LOGO-SSO-ENE.png\u00bb _builder_version=\u00bb4.22.1&#8243; _module_preset=\u00bbdefault\u00bb theme_builder_area=\u00bbpost_content\u00bb title_text=\u00bbLOGO SSO-ENE\u00bb width=\u00bb48%\u00bb max_width=\u00bb49%\u00bb module_alignment=\u00bbcenter\u00bb hover_enabled=\u00bb0&#8243; sticky_enabled=\u00bb0&#8243;][\/et_pb_image][\/et_pb_column][\/et_pb_row][et_pb_row _builder_version=\u00bb4.22.1&#8243; _module_preset=\u00bbdefault\u00bb theme_builder_area=\u00bbpost_content\u00bb][et_pb_column _builder_version=\u00bb4.22.1&#8243; _module_preset=\u00bbdefault\u00bb type=\u00bb4_4&#8243; theme_builder_area=\u00bbpost_content\u00bb][et_pb_text _builder_version=\u00bb4.22.1&#8243; _module_preset=\u00bbdefault\u00bb theme_builder_area=\u00bbpost_content\u00bb hover_enabled=\u00bb0&#8243; sticky_enabled=\u00bb0&#8243;]<\/p>\n<p><span style=\"color: #003366;\"><strong>PAPEL EN LA INSTITUCI\u00d3N:<\/strong><\/span><\/p>\n<p><span style=\"color: #003366;\">El <strong>Comit\u00e9 de Salud y Seguridad Ocupacional (S.S.O.) <\/strong>de la Escuela Nacional de Enfermeras cumple una funci\u00f3n esencial conforme a lo establecido en el <strong>C\u00f3digo de Trabajo<\/strong>, los<strong> Reglamentos del Ministerio de Trabajo y Previsi\u00f3n Social<\/strong>, y las disposiciones t\u00e9cnicas en materia de prevenci\u00f3n de riesgos laborales promovidas por el <strong>Instituto Guatemalteco de Seguridad Social (IGSS)<\/strong>. Dicho comit\u00e9 es el \u00f3rgano responsable de velar por la instituci\u00f3n en la identificaci\u00f3n, evaluaci\u00f3n y control de los riesgos ocupacionales.<\/span><\/p>\n<p><strong><span style=\"color: #003366;\">\u00a0<\/span><\/strong><\/p>\n<p><strong><span style=\"color: #003366;\">MISI\u00d3N<\/span><\/strong><\/p>\n<p><span style=\"color: #003366;\">Velar por la salud y seguridad de los trabajadores, contribuyendo a la mejora de las condiciones laborales y ambientales. Esto implica asesorar en el cumplimiento normativo, investigar incidentes, proponer medidas preventivas y cultivar una cultura de seguridad en el entorno laboral.<\/span><\/p>\n<p><strong><span style=\"color: #003366;\">\u00a0<\/span><\/strong><\/p>\n<p><strong><span style=\"color: #003366;\">VISI\u00d3N:<\/span><\/strong><\/p>\n<p><span style=\"color: #003366;\">Establecer una cultura de seguridad y salud en el trabajo que sea tanto sostenible como competitiva, centrada en la mejora continua y la prevenci\u00f3n de riesgos laborales. Como agentes de cambio, se fomentar\u00e1 un entorno que proteja a los trabajadores, aumente la productividad y contribuya al desarrollo sostenible de la organizaci\u00f3n.<\/span><\/p>\n<p>[\/et_pb_text][\/et_pb_column][\/et_pb_row][et_pb_row _builder_version=\u00bb4.22.1&#8243; _module_preset=\u00bbdefault\u00bb theme_builder_area=\u00bbpost_content\u00bb][et_pb_column _builder_version=\u00bb4.22.1&#8243; _module_preset=\u00bbdefault\u00bb type=\u00bb4_4&#8243; theme_builder_area=\u00bbpost_content\u00bb][et_pb_gallery _builder_version=\u00bb4.22.1&#8243; _module_preset=\u00bbdefault\u00bb theme_builder_area=\u00bbpost_content\u00bb gallery_ids=\u00bb3104,3103,3102,3101,3100,3099&#8243; hover_enabled=\u00bb0&#8243; sticky_enabled=\u00bb0&#8243;][\/et_pb_gallery][\/et_pb_column][\/et_pb_row][\/et_pb_section]<\/p>\n","protected":false},"excerpt":{"rendered":"<p>PAPEL EN LA INSTITUCI\u00d3N: El Comit\u00e9 de Salud y Seguridad Ocupacional (S.S.O.) de la Escuela Nacional de Enfermeras cumple una funci\u00f3n esencial conforme a lo establecido en el C\u00f3digo de Trabajo, los Reglamentos del Ministerio de Trabajo y Previsi\u00f3n Social, y las disposiciones t\u00e9cnicas en materia de prevenci\u00f3n de riesgos laborales promovidas por el Instituto [&hellip;]<\/p>\n","protected":false},"author":1,"featured_media":0,"parent":0,"menu_order":0,"comment_status":"closed","ping_status":"closed","template":"","meta":{"_et_pb_use_builder":"on","_et_pb_old_content":"","_et_gb_content_width":"","_monsterinsights_skip_tracking":false,"_monsterinsights_sitenote_active":false,"_monsterinsights_sitenote_note":"","_monsterinsights_sitenote_category":0,"_uf_show_specific_survey":0,"_uf_disable_surveys":false,"footnotes":""},"class_list":["post-3070","page","type-page","status-publish","hentry"],"_links":{"self":[{"href":"https:\/\/www.ene.edu.gt\/index.php?rest_route=\/wp\/v2\/pages\/3070","targetHints":{"allow":["GET"]}}],"collection":[{"href":"https:\/\/www.ene.edu.gt\/index.php?rest_route=\/wp\/v2\/pages"}],"about":[{"href":"https:\/\/www.ene.edu.gt\/index.php?rest_route=\/wp\/v2\/types\/page"}],"author":[{"embeddable":true,"href":"https:\/\/www.ene.edu.gt\/index.php?rest_route=\/wp\/v2\/users\/1"}],"replies":[{"embeddable":true,"href":"https:\/\/www.ene.edu.gt\/index.php?rest_route=%2Fwp%2Fv2%2Fcomments&post=3070"}],"version-history":[{"count":6,"href":"https:\/\/www.ene.edu.gt\/index.php?rest_route=\/wp\/v2\/pages\/3070\/revisions"}],"predecessor-version":[{"id":3107,"href":"https:\/\/www.ene.edu.gt\/index.php?rest_route=\/wp\/v2\/pages\/3070\/revisions\/3107"}],"wp:attachment":[{"href":"https:\/\/www.ene.edu.gt\/index.php?rest_route=%2Fwp%2Fv2%2Fmedia&parent=3070"}],"curies":[{"name":"wp","href":"https:\/\/api.w.org\/{rel}","templated":true}]}}